{"id":52188,"date":"2021-02-17T15:42:15","date_gmt":"2021-02-17T15:42:15","guid":{"rendered":"https:\/\/comat.lu\/location\/"},"modified":"2021-02-17T15:42:15","modified_gmt":"2021-02-17T15:42:15","slug":"location","status":"publish","type":"page","link":"https:\/\/comat.lu\/de\/unsere-produkte\/location\/","title":{"rendered":"Location"},"content":{"rendered":"","protected":false},"excerpt":{"rendered":"","protected":false},"author":2,"featured_media":0,"parent":52203,"menu_order":0,"comment_status":"closed","ping_status":"closed","template":"location.php","meta":{"_acf_changed":false,"_et_pb_use_builder":"","_et_pb_old_content":"","_et_gb_content_width":"","footnotes":""},"class_list":["post-52188","page","type-page","status-publish","hentry"],"acf":[],"yoast_head":"<!-- This site is optimized with the Yoast SEO plugin v27.5 - https:\/\/yoast.com\/product\/yoast-seo-wordpress\/ -->\n<title>Location - COMAT<\/title>\n<meta name=\"robots\" content=\"index, follow, max-snippet:-1, max-image-preview:large, max-video-preview:-1\" \/>\n<link rel=\"canonical\" href=\"https:\/\/comat.lu\/de\/unsere-produkte\/location\/\" \/>\n<meta property=\"og:locale\" content=\"de_DE\" \/>\n<meta property=\"og:type\" content=\"article\" \/>\n<meta property=\"og:title\" content=\"Location - COMAT\" \/>\n<meta property=\"og:url\" content=\"https:\/\/comat.lu\/de\/unsere-produkte\/location\/\" \/>\n<meta property=\"og:site_name\" content=\"COMAT\" \/>\n<meta property=\"article:publisher\" content=\"https:\/\/www.facebook.com\/COMATLux\" \/>\n<meta name=\"twitter:card\" content=\"summary_large_image\" \/>\n<script type=\"application\/ld+json\" class=\"yoast-schema-graph\">{\"@context\":\"https:\\\/\\\/schema.org\",\"@graph\":[{\"@type\":\"WebPage\",\"@id\":\"https:\\\/\\\/comat.lu\\\/de\\\/unsere-produkte\\\/location\\\/\",\"url\":\"https:\\\/\\\/comat.lu\\\/de\\\/unsere-produkte\\\/location\\\/\",\"name\":\"Location - COMAT\",\"isPartOf\":{\"@id\":\"https:\\\/\\\/comat.lu\\\/de\\\/#website\"},\"datePublished\":\"2021-02-17T15:42:15+00:00\",\"breadcrumb\":{\"@id\":\"https:\\\/\\\/comat.lu\\\/de\\\/unsere-produkte\\\/location\\\/#breadcrumb\"},\"inLanguage\":\"de\",\"potentialAction\":[{\"@type\":\"ReadAction\",\"target\":[\"https:\\\/\\\/comat.lu\\\/de\\\/unsere-produkte\\\/location\\\/\"]}]},{\"@type\":\"BreadcrumbList\",\"@id\":\"https:\\\/\\\/comat.lu\\\/de\\\/unsere-produkte\\\/location\\\/#breadcrumb\",\"itemListElement\":[{\"@type\":\"ListItem\",\"position\":1,\"name\":\"Home\",\"item\":\"https:\\\/\\\/comat.lu\\\/de\\\/startseite\\\/\"},{\"@type\":\"ListItem\",\"position\":2,\"name\":\"Unsere Produkte\",\"item\":\"https:\\\/\\\/comat.lu\\\/de\\\/unsere-produkte\\\/\"},{\"@type\":\"ListItem\",\"position\":3,\"name\":\"Location\"}]},{\"@type\":\"WebSite\",\"@id\":\"https:\\\/\\\/comat.lu\\\/de\\\/#website\",\"url\":\"https:\\\/\\\/comat.lu\\\/de\\\/\",\"name\":\"COMAT\",\"description\":\"Vente, r\u00e9paration et location du mat\u00e9riel pour le secteur de la construction et du g\u00e9nie civil, pour les industries et les pouvoirs publics. La gamme des produits est tr\u00e8s vari\u00e9e, du petit outillage jusqu\u2019aux machines industrielles.\",\"publisher\":{\"@id\":\"https:\\\/\\\/comat.lu\\\/de\\\/#organization\"},\"potentialAction\":[{\"@type\":\"SearchAction\",\"target\":{\"@type\":\"EntryPoint\",\"urlTemplate\":\"https:\\\/\\\/comat.lu\\\/de\\\/?s={search_term_string}\"},\"query-input\":{\"@type\":\"PropertyValueSpecification\",\"valueRequired\":true,\"valueName\":\"search_term_string\"}}],\"inLanguage\":\"de\"},{\"@type\":\"Organization\",\"@id\":\"https:\\\/\\\/comat.lu\\\/de\\\/#organization\",\"name\":\"COMAT S.A.\",\"url\":\"https:\\\/\\\/comat.lu\\\/de\\\/\",\"logo\":{\"@type\":\"ImageObject\",\"inLanguage\":\"de\",\"@id\":\"https:\\\/\\\/comat.lu\\\/de\\\/#\\\/schema\\\/logo\\\/image\\\/\",\"url\":\"https:\\\/\\\/comat.lu\\\/wp-content\\\/uploads\\\/2020\\\/11\\\/COMAT_logo.jpg\",\"contentUrl\":\"https:\\\/\\\/comat.lu\\\/wp-content\\\/uploads\\\/2020\\\/11\\\/COMAT_logo.jpg\",\"width\":662,\"height\":224,\"caption\":\"COMAT S.A.\"},\"image\":{\"@id\":\"https:\\\/\\\/comat.lu\\\/de\\\/#\\\/schema\\\/logo\\\/image\\\/\"},\"sameAs\":[\"https:\\\/\\\/www.facebook.com\\\/COMATLux\",\"https:\\\/\\\/www.instagram.com\\\/comatlux\\\/\",\"https:\\\/\\\/www.youtube.com\\\/channel\\\/UCtjweK0hK9hDZuqqnJvKqOg\\\/featured\"]}]}<\/script>\n<!-- \/ Yoast SEO plugin. -->","yoast_head_json":{"title":"Location - COMAT","robots":{"index":"index","follow":"follow","max-snippet":"max-snippet:-1","max-image-preview":"max-image-preview:large","max-video-preview":"max-video-preview:-1"},"canonical":"https:\/\/comat.lu\/de\/unsere-produkte\/location\/","og_locale":"de_DE","og_type":"article","og_title":"Location - COMAT","og_url":"https:\/\/comat.lu\/de\/unsere-produkte\/location\/","og_site_name":"COMAT","article_publisher":"https:\/\/www.facebook.com\/COMATLux","twitter_card":"summary_large_image","schema":{"@context":"https:\/\/schema.org","@graph":[{"@type":"WebPage","@id":"https:\/\/comat.lu\/de\/unsere-produkte\/location\/","url":"https:\/\/comat.lu\/de\/unsere-produkte\/location\/","name":"Location - COMAT","isPartOf":{"@id":"https:\/\/comat.lu\/de\/#website"},"datePublished":"2021-02-17T15:42:15+00:00","breadcrumb":{"@id":"https:\/\/comat.lu\/de\/unsere-produkte\/location\/#breadcrumb"},"inLanguage":"de","potentialAction":[{"@type":"ReadAction","target":["https:\/\/comat.lu\/de\/unsere-produkte\/location\/"]}]},{"@type":"BreadcrumbList","@id":"https:\/\/comat.lu\/de\/unsere-produkte\/location\/#breadcrumb","itemListElement":[{"@type":"ListItem","position":1,"name":"Home","item":"https:\/\/comat.lu\/de\/startseite\/"},{"@type":"ListItem","position":2,"name":"Unsere Produkte","item":"https:\/\/comat.lu\/de\/unsere-produkte\/"},{"@type":"ListItem","position":3,"name":"Location"}]},{"@type":"WebSite","@id":"https:\/\/comat.lu\/de\/#website","url":"https:\/\/comat.lu\/de\/","name":"COMAT","description":"Vente, r\u00e9paration et location du mat\u00e9riel pour le secteur de la construction et du g\u00e9nie civil, pour les industries et les pouvoirs publics. La gamme des produits est tr\u00e8s vari\u00e9e, du petit outillage jusqu\u2019aux machines industrielles.","publisher":{"@id":"https:\/\/comat.lu\/de\/#organization"},"potentialAction":[{"@type":"SearchAction","target":{"@type":"EntryPoint","urlTemplate":"https:\/\/comat.lu\/de\/?s={search_term_string}"},"query-input":{"@type":"PropertyValueSpecification","valueRequired":true,"valueName":"search_term_string"}}],"inLanguage":"de"},{"@type":"Organization","@id":"https:\/\/comat.lu\/de\/#organization","name":"COMAT S.A.","url":"https:\/\/comat.lu\/de\/","logo":{"@type":"ImageObject","inLanguage":"de","@id":"https:\/\/comat.lu\/de\/#\/schema\/logo\/image\/","url":"https:\/\/comat.lu\/wp-content\/uploads\/2020\/11\/COMAT_logo.jpg","contentUrl":"https:\/\/comat.lu\/wp-content\/uploads\/2020\/11\/COMAT_logo.jpg","width":662,"height":224,"caption":"COMAT S.A."},"image":{"@id":"https:\/\/comat.lu\/de\/#\/schema\/logo\/image\/"},"sameAs":["https:\/\/www.facebook.com\/COMATLux","https:\/\/www.instagram.com\/comatlux\/","https:\/\/www.youtube.com\/channel\/UCtjweK0hK9hDZuqqnJvKqOg\/featured"]}]}},"_links":{"self":[{"href":"https:\/\/comat.lu\/de\/wp-json\/wp\/v2\/pages\/52188","targetHints":{"allow":["GET"]}}],"collection":[{"href":"https:\/\/comat.lu\/de\/wp-json\/wp\/v2\/pages"}],"about":[{"href":"https:\/\/comat.lu\/de\/wp-json\/wp\/v2\/types\/page"}],"author":[{"embeddable":true,"href":"https:\/\/comat.lu\/de\/wp-json\/wp\/v2\/users\/2"}],"replies":[{"embeddable":true,"href":"https:\/\/comat.lu\/de\/wp-json\/wp\/v2\/comments?post=52188"}],"version-history":[{"count":0,"href":"https:\/\/comat.lu\/de\/wp-json\/wp\/v2\/pages\/52188\/revisions"}],"up":[{"embeddable":true,"href":"https:\/\/comat.lu\/de\/wp-json\/wp\/v2\/pages\/52203"}],"wp:attachment":[{"href":"https:\/\/comat.lu\/de\/wp-json\/wp\/v2\/media?parent=52188"}],"curies":[{"name":"wp","href":"https:\/\/api.w.org\/{rel}","templated":true}]}}